{"id":322,"date":"2023-11-09T23:35:29","date_gmt":"2023-11-09T23:35:29","guid":{"rendered":"https:\/\/latinelephant.org\/InhabitingSpaces\/?page_id=322"},"modified":"2024-10-11T15:30:30","modified_gmt":"2024-10-11T15:30:30","slug":"right-to-inhabit","status":"publish","type":"page","link":"https:\/\/latinelephant.org\/InhabitingSpaces\/right-to-inhabit\/","title":{"rendered":"RIGHT TO INHABIT"},"content":{"rendered":"\t\t<div data-elementor-type=\"wp-page\" data-elementor-id=\"322\" class=\"elementor elementor-322\" data-elementor-post-type=\"page\">\n\t\t\t\t<div class=\"elementor-element elementor-element-bd27a7d e-flex e-con-boxed e-con e-parent\" data-id=\"bd27a7d\" data-element_type=\"container\">\n\t\t\t\t\t<div class=\"e-con-inner\">\n\t\t\t\t<div class=\"elementor-element elementor-element-ffca782 elementor-widget elementor-widget-heading\" data-id=\"ffca782\" data-element_type=\"widget\" data-widget_type=\"heading.default\">\n\t\t\t\t<div class=\"elementor-widget-container\">\n\t\t\t\t\t<h1 class=\"elementor-heading-title elementor-size-default\">Right to Inhabit<\/h1>\t\t\t\t<\/div>\n\t\t\t\t<\/div>\n\t\t\t\t\t<\/div>\n\t\t\t\t<\/div>\n\t\t<div class=\"elementor-element elementor-element-5eaa10a e-flex e-con-boxed e-con e-parent\" data-id=\"5eaa10a\" data-element_type=\"container\">\n\t\t\t\t\t<div class=\"e-con-inner\">\n\t\t\t\t<div class=\"elementor-element elementor-element-8f6af3d elementor-widget elementor-widget-text-editor\" data-id=\"8f6af3d\" data-element_type=\"widget\" data-widget_type=\"text-editor.default\">\n\t\t\t\t<div class=\"elementor-widget-container\">\n\t\t\t\t\t\t\t\t\t<p><span style=\"font-weight: 400;\">The second part of Latin Elephant\u2019s art public programme <\/span><a href=\"https:\/\/latinelephant.org\/InhabitingSpaces\/about\/\"><i><span style=\"font-weight: 400;\">Inhabiting Spaces<\/span><\/i><\/a><span style=\"font-weight: 400;\">, <\/span><b>\u2018<\/b><b><i>Right to Inhabit<\/i><\/b><b>\u2019,<\/b><span style=\"font-weight: 400;\"> consisted of a series of 6 commissioned workshops delivered by 6 Latin American contemporary visual artists, in partnership with South London Gallery and Gasworks, and with the collaboration of Tate. These research-based workshops explored the meanings of inhabiting today while socially engaging with the realities of Latin American communities in the UK.<\/span><\/p><p><span style=\"font-weight: 400;\">The series of workshops kicked off at Gasworks on March 2022 with Sebastian Calfuqueo, a Chilean Indigenous Mapuche non-binary artist who facilitated\u00a0<\/span><i><span style=\"font-weight: 400;\">Insubordinate Bodies, <\/span><\/i><span style=\"font-weight: 400;\">a performance workshop exploring the\u00a0<\/span><b>body<\/b><span style=\"font-weight: 400;\">\u00a0and resistance from an intersectional perspective<\/span><i><span style=\"font-weight: 400;\">.\u00a0<\/span><\/i><span style=\"font-weight: 400;\">Following, Chilean artist Carolina Illanes presented at Tate Modern <\/span><i><span style=\"font-weight: 400;\">Rethinking Inhabiting Spaces, <\/span><\/i><span style=\"font-weight: 400;\">an invitation to reflect on recent transformations carried out at Elephant and Castle\u2019s neighbourhood in London. Subsequently, Paola Basc\u00f3n led <\/span><i><span style=\"font-weight: 400;\">Lithic Encounters<\/span><\/i><span style=\"font-weight: 400;\">, an audio-guided workshop exploring stories about stones from the Andes and the\u00a0South London\u00a0Gallery&#8217;s Orozco Garden. Meanwhile, Amalia Pica invited everyone to create their own fantastical creatures mixing the architecture of Elephant &amp; Castle and different elements such as plants, objects, and animals.<\/span><\/p><p><span style=\"font-weight: 400;\">The remaining 2 workshops were the result of<a href=\"https:\/\/latinelephant.org\/InhabitingSpaces\/open-call\/\"> Latin Elephant\u2019s open call <\/a><\/span><span style=\"font-weight: 400;\">\u00a0to Latin-American artists. The resulting winners of the call were Peruvian-Spanish artist In\u00e9s Card\u00f3 and the duo composed by blkmoodyboi and La Bonita Chola. The first one, facilitated <\/span><i><span style=\"font-weight: 400;\">The Knowledge of Taste, a<\/span><\/i><span style=\"font-weight: 400;\"> a cooking workshop that explored food as a form of community-building; while the duo used the workshop to create a poster campaign based on illustration, pictures, quotes, and images to honour the memory of the intersectional Latin communities in Elephant and Castle.<\/span><\/p>\t\t\t\t\t\t\t\t<\/div>\n\t\t\t\t<\/div>\n\t\t\t\t\t<\/div>\n\t\t\t\t<\/div>\n\t\t<div class=\"elementor-element elementor-element-b67b507 e-flex e-con-boxed e-con e-parent\" data-id=\"b67b507\" data-element_type=\"container\">\n\t\t\t\t\t<div class=\"e-con-inner\">\n\t\t\t\t<div class=\"elementor-element elementor-element-44c7c18 elementor-widget elementor-widget-text-editor\" data-id=\"44c7c18\" data-element_type=\"widget\" data-widget_type=\"text-editor.default\">\n\t\t\t\t<div class=\"elementor-widget-container\">\n\t\t\t\t\t\t\t\t\t<h5><span style=\"font-weight: 400;\">Programme:<\/span><\/h5><p><b><i>Insubordinate Bodies<\/i> with Sebastian Calfuqueo<\/b><\/p><p><span style=\"font-weight: 400;\">5th March 2022<\/span><\/p><p><span style=\"font-weight: 400;\">Gasworks, London<\/span><\/p><p><b>Rethinking Inhabiting Spaces with Carolina Illanes<\/b><\/p><p><span style=\"font-weight: 400;\">11th and 12th March 2022<\/span><\/p><p><span style=\"font-weight: 400;\">Tate Modern, London<\/span><\/p><p><b><i>Lithic Encounters<\/i> with Paola Basc\u00f3n<\/b><\/p><p><span style=\"font-weight: 400;\">21st May 2022<\/span><\/p><p><span style=\"font-weight: 400;\">South London Gallery, London<\/span><\/p><p><b><i>Mutant Buildings and Unlikely Animals<\/i> with Amalia Pica<\/b><\/p><p><span style=\"font-weight: 400;\">28th May 2022<\/span><\/p><p><span style=\"font-weight: 400;\">Walworth Library, London<\/span><\/p><p><b><i>The Knowledge of Taste<\/i> with In\u00e9s Card\u00f3<\/b><\/p><p><span style=\"font-weight: 400;\">23rd July 2022<\/span><\/p><p><span style=\"font-weight: 400;\">South London Gallery, London<\/span><\/p><p><b><i>The Collective Memory of Elephant and Castle<\/i> with blkmoodyboi and La Bonita Chola<\/b><\/p><p><span style=\"font-weight: 400;\">30th July 2022<\/span><\/p><p><b>United Voices of the World, London<\/b><\/p>\t\t\t\t\t\t\t\t<\/div>\n\t\t\t\t<\/div>\n\t\t\t\t<div class=\"elementor-element elementor-element-24204fd elementor-widget elementor-widget-text-editor\" data-id=\"24204fd\" data-element_type=\"widget\" data-widget_type=\"text-editor.default\">\n\t\t\t\t<div class=\"elementor-widget-container\">\n\t\t\t\t\t\t\t\t\t<h5><span style=\"font-weight: 400;\">Artists bios:<\/span><\/h5><p><b>Sebasti\u00e1n Calfuqueo<\/b><span style=\"font-weight: 400;\">\u00a0is an\u00a0artist of Mapuche origin based in Santiago de Chile. Working across performance, video, ceramics and installation, their practice interrogates the social, cultural and political status of the indigenous subject in Latin America.<\/span><\/p><p><span style=\"font-weight: 400;\">Recent solo exhibitions include: Galer\u00eda Patricia Ready, Santiago de Chile; Galer\u00eda 80m2 Livia Benavides, Lima; Galer\u00eda Metropolitana, Parque Cultural de Valpara\u00edso; and MAC Museo de Arte Contempor\u00e1neo Universidad de Chile, Santiago de Chile. They were awarded the\u00a0Municipalidad de Santiago\u00a0Award on 2017 and the Fundaci\u00f3n FAVA Award on 2018. They were recognised with the prize\u00a0Democracy Machine: Artists and Self-governance in the Digital Age\u00a0awarded by Eyebeam, New York.<\/span><\/p>\t\t\t\t\t\t\t\t<\/div>\n\t\t\t\t<\/div>\n\t\t\t\t<div class=\"elementor-element elementor-element-5dbeba7 elementor-widget elementor-widget-text-editor\" data-id=\"5dbeba7\" data-element_type=\"widget\" data-widget_type=\"text-editor.default\">\n\t\t\t\t<div class=\"elementor-widget-container\">\n\t\t\t\t\t\t\t\t\t<p><b>Carolina Illanes <\/b><span style=\"font-family: var( --e-global-typography-text-font-family ), Sans-serif; font-size: var( --e-global-typography-text-font-size ); font-style: var( --e-global-typography-text-font-style ); letter-spacing: var( --e-global-typography-text-letter-spacing ); text-transform: var( --e-global-typography-text-text-transform ); text-decoration: var( --e-global-typography-text-text-decoration ); text-align: var(--text-align);\">is a Visual artist and PhD in Arts based in Santiago de Chile. Her work has been developed in both the artistic and the academic fields through the creation of installation pieces that reflect on living and inhabiting the contemporary city. She currently teaches at the Universidad Finis Terrae and Universidad Diego Portales.<\/span><\/p>\t\t\t\t\t\t\t\t<\/div>\n\t\t\t\t<\/div>\n\t\t\t\t<div class=\"elementor-element elementor-element-b49086d elementor-widget elementor-widget-text-editor\" data-id=\"b49086d\" data-element_type=\"widget\" data-widget_type=\"text-editor.default\">\n\t\t\t\t<div class=\"elementor-widget-container\">\n\t\t\t\t\t\t\t\t\t<p><b>Paola Basc\u00f3n<\/b><span style=\"font-weight: 400;\"> is a multidisciplinary artist working between La Paz and Berlin. She studied media art, design and media philosophy at the Karlsruhe University of Arts and Design (HfG). Her work can be described as an artistic and performative research around ritual practices, storytelling and colonial history. Through performance, installation and participatory formats Paola deals with the understanding of the body as territory, the body as a container of memory and the performative quality of nature. Paola has shown her work in Berlin \u2013 Spreepark, HAU Hebbel am Ufer, radialsystem, Uferstudios; Santa Cruz de la Sierra \u2013 Galeria Kiosko; La Paz \u2013 Museo Nacional de Arte, Alliance Francaise, Casa de la Cultura, Materia Gris; Rio de Janeiro \u2013 Largo das Artes, London \u2013 Playground, among others.<\/span><\/p><p><span style=\"font-weight: 400;\">Born in 1978 in the province of Neuqu\u00e9n, Argentina, Amalia Pica currently lives and works in London. Pica studied sculpture at the Prilidiano Pueyrred\u00f3n National School of Fine Arts. She did a residency at the Rijksakademie in the Netherlands and has lived in the UK for more than a decade. Her work has been exhibited internationally at venues such as the Venice Biennale, the Guggenheim Museum in New York, and Tate Modern in London. Her works are part of important collections such as the MCA in Chicago, the MNBA in Neuqu\u00e9n, the MoMA in New York, the Serralves Museum in Porto, among others. Pica\u2019s practice is focused on aspects of communication, language and cultural intimacy and takes various forms such as sculpture, installation and performance.<\/span><\/p>\t\t\t\t\t\t\t\t<\/div>\n\t\t\t\t<\/div>\n\t\t\t\t<div class=\"elementor-element elementor-element-8fa8421 elementor-widget elementor-widget-text-editor\" data-id=\"8fa8421\" data-element_type=\"widget\" data-widget_type=\"text-editor.default\">\n\t\t\t\t<div class=\"elementor-widget-container\">\n\t\t\t\t\t\t\t\t\t<p><b>In\u00e9s\u00a0Card\u00f3<\/b><span style=\"font-weight: 400;\"> is a Peruvian\/Spanish artist based in London, where she graduated from Chelsea College of Arts. Her practice focuses primarily on migration, language, and embodied memory through video, installation, and text. She is interested in the alternative forms of memory that offer ways of escaping colonial epistemic traditions, often using autoethnography as part of her making process.\u00a0<\/span><\/p>\t\t\t\t\t\t\t\t<\/div>\n\t\t\t\t<\/div>\n\t\t\t\t<div class=\"elementor-element elementor-element-f70857c elementor-widget elementor-widget-text-editor\" data-id=\"f70857c\" data-element_type=\"widget\" data-widget_type=\"text-editor.default\">\n\t\t\t\t<div class=\"elementor-widget-container\">\n\t\t\t\t\t\t\t\t\t<p><b>Blkmoodyboi\u00a0<\/b><\/p><p><span style=\"font-weight: 400;\">I am a visual artist, interested in making vivid, accessible and proletariat\u00a0 pieces of art. I am mainly an illustrator who focuses on creating Queer dissident political art.\u00a0<\/span><\/p><p><span style=\"font-weight: 400;\">I create digital illustrations that depict and archive of Black and Brown Trans people as political agents from the past, present and future as part of resistance and struggle. I am interested in taking space, in engaging people with political thoughts of collective organisation, resistance and memory. I hope to bring joy to all QTIBIPOC people when they see my illustrations and make many feel brave to be in community and collectively create a more fair future.<\/span><\/p>\t\t\t\t\t\t\t\t<\/div>\n\t\t\t\t<\/div>\n\t\t\t\t<div class=\"elementor-element elementor-element-9052959 elementor-widget elementor-widget-text-editor\" data-id=\"9052959\" data-element_type=\"widget\" data-widget_type=\"text-editor.default\">\n\t\t\t\t<div class=\"elementor-widget-container\">\n\t\t\t\t\t\t\t\t\t<p><b>The Bonita Chola, Angela Camacho<\/b><\/p><p><span style=\"font-weight: 400;\">I am a self-taught creative, social organiser and facilitator, my practice involves different methods to engage the community and produce art. I\u2019m interested in archiving the history on women of colour of the Abya Yala, centering, indigenous, black trans femmes, through digital collage, to archive our legacy with dignity and beauty. My relationship with the community is key for my work here in the diaspora and back home with my indigenous siblings. The aim is to always politicise and organise, I believe that art is a tool, a channel to map those thoughts, those intentions with the hope to create a fair world for us and our next generations to come.<\/span><\/p>\t\t\t\t\t\t\t\t<\/div>\n\t\t\t\t<\/div>\n\t\t\t\t\t<\/div>\n\t\t\t\t<\/div>\n\t\t\t\t<\/div>\n\t\t","protected":false},"excerpt":{"rendered":"<p>Right to Inhabit The second part of Latin Elephant\u2019s art public programme Inhabiting Spaces, \u2018Right to Inhabit\u2019, consisted of a series of 6 commissioned workshops delivered by 6 Latin American contemporary visual artists, in partnership with South London Gallery and Gasworks, and with the collaboration of Tate. These research-based workshops explored the meanings of inhabiting [&hellip;]<\/p>\n","protected":false},"author":3,"featured_media":0,"parent":0,"menu_order":0,"comment_status":"closed","ping_status":"closed","template":"elementor_header_footer","meta":{"inline_featured_image":false,"footnotes":""},"class_list":["post-322","page","type-page","status-publish","hentry"],"_links":{"self":[{"href":"https:\/\/latinelephant.org\/InhabitingSpaces\/wp-json\/wp\/v2\/pages\/322","targetHints":{"allow":["GET"]}}],"collection":[{"href":"https:\/\/latinelephant.org\/InhabitingSpaces\/wp-json\/wp\/v2\/pages"}],"about":[{"href":"https:\/\/latinelephant.org\/InhabitingSpaces\/wp-json\/wp\/v2\/types\/page"}],"author":[{"embeddable":true,"href":"https:\/\/latinelephant.org\/InhabitingSpaces\/wp-json\/wp\/v2\/users\/3"}],"replies":[{"embeddable":true,"href":"https:\/\/latinelephant.org\/InhabitingSpaces\/wp-json\/wp\/v2\/comments?post=322"}],"version-history":[{"count":94,"href":"https:\/\/latinelephant.org\/InhabitingSpaces\/wp-json\/wp\/v2\/pages\/322\/revisions"}],"predecessor-version":[{"id":1038,"href":"https:\/\/latinelephant.org\/InhabitingSpaces\/wp-json\/wp\/v2\/pages\/322\/revisions\/1038"}],"wp:attachment":[{"href":"https:\/\/latinelephant.org\/InhabitingSpaces\/wp-json\/wp\/v2\/media?parent=322"}],"curies":[{"name":"wp","href":"https:\/\/api.w.org\/{rel}","templated":true}]}}